{"id":115,"date":"2025-07-18T19:30:31","date_gmt":"2025-07-18T19:30:31","guid":{"rendered":"http:\/\/haz-eco.com\/pa\/?page_id=115"},"modified":"2025-09-18T02:02:21","modified_gmt":"2025-09-18T02:02:21","slug":"participa","status":"publish","type":"page","link":"https:\/\/haz-eco.com\/pa\/participa\/","title":{"rendered":"Participa"},"content":{"rendered":"\n\n\n<h2>\u00a1PARTICIPA AHORA!<\/h2>\n<div class=\"forminator-ui forminator-custom-form forminator-custom-form-247 forminator-design--material  forminator_ajax\" data-forminator-render=\"0\" data-form=\"forminator-module-247\" data-uid=\"69fcc5064c4b2\"><br\/><\/div><form\n\t\t\t\tid=\"forminator-module-247\"\n\t\t\t\tclass=\"forminator-ui forminator-custom-form forminator-custom-form-247 forminator-design--material  forminator_ajax\"\n\t\t\t\tmethod=\"post\"\n\t\t\t\tdata-forminator-render=\"0\"\n\t\t\t\tdata-form-id=\"247\"\n\t\t\t\t\n\t\t\t\tdata-design=\"material\"\n\t\t\t\tdata-color-option=\"theme\"\n\t\t\t\t\n\t\t\t\t\n\t\t\t\t\n\t\t\t\tdata-grid=\"open\"\n\t\t\t\t\n\t\t\t\t\n\t\t\t\tstyle=\"display: none;\"\n\t\t\t\t\n\t\t\t\tdata-uid=\"69fcc5064c4b2\"\n\t\t\t><div role=\"alert\" aria-live=\"polite\" class=\"forminator-response-message forminator-error\" aria-hidden=\"true\"><\/div><div class=\"forminator-pagination-progress\" aria-hidden=\"true\"><\/div><div tabindex=\"-1\" role=\"tabpanel\" id=\"forminator-custom-form-247--page-0\" class=\"forminator-pagination forminator-pagination-start\" aria-labelledby=\"forminator-custom-form-247--page-0-label\" data-step=\"0\" data-label=\"Finalizar\" data-name=\"page-break-1\"><div class=\"forminator-pagination--content\"><div class=\"forminator-row\"><div id=\"name-1\" class=\"forminator-field-name forminator-col forminator-col-12 \"><div class=\"forminator-field\"><label for=\"forminator-field-name-1_69fcc5064c4b2\" id=\"forminator-field-name-1_69fcc5064c4b2-label\" class=\"forminator-label\">Nombre de la Empresa <span class=\"forminator-required\">*<\/span><\/label><input type=\"text\" name=\"name-1\" value=\"\" placeholder=\"\" id=\"forminator-field-name-1_69fcc5064c4b2\" class=\"forminator-input forminator-name--field\" aria-required=\"true\" \/><\/div><\/div><\/div><div class=\"forminator-row\"><div id=\"name-2\" class=\"forminator-field-name forminator-col forminator-col-6 \"><div class=\"forminator-field\"><label for=\"forminator-field-name-2_69fcc5064c4b2\" id=\"forminator-field-name-2_69fcc5064c4b2-label\" class=\"forminator-label\">Nombre del Participante <span class=\"forminator-required\">*<\/span><\/label><input type=\"text\" name=\"name-2\" value=\"\" placeholder=\"\" id=\"forminator-field-name-2_69fcc5064c4b2\" class=\"forminator-input forminator-name--field\" aria-required=\"true\" \/><\/div><\/div><div id=\"phone-1\" class=\"forminator-field-phone forminator-col forminator-col-6 \"><div class=\"forminator-field\"><label for=\"forminator-field-phone-1_69fcc5064c4b2\" id=\"forminator-field-phone-1_69fcc5064c4b2-label\" class=\"forminator-label\">Tel\u00e9fono <span class=\"forminator-required\">*<\/span><\/label><input type=\"text\" name=\"phone-1\" value=\"\" placeholder=\"\" id=\"forminator-field-phone-1_69fcc5064c4b2\" class=\"forminator-input forminator-field--phone\" data-required=\"1\" aria-required=\"true\" autocomplete=\"off\" \/><\/div><\/div><\/div><div class=\"forminator-row\"><div id=\"url-1\" class=\"forminator-field-url forminator-col forminator-col-6 \"><div class=\"forminator-field\"><label for=\"forminator-field-url-1_69fcc5064c4b2\" id=\"forminator-field-url-1_69fcc5064c4b2-label\" class=\"forminator-label\">Web\/URL de la Empresa <span class=\"forminator-required\">*<\/span><\/label><input type=\"url\" name=\"url-1\" value=\"\" placeholder=\"\" id=\"forminator-field-url-1_69fcc5064c4b2\" class=\"forminator-input forminator-website--field\" data-required=\"1\" aria-required=\"true\" \/><\/div><\/div><div id=\"email-1\" class=\"forminator-field-email forminator-col forminator-col-6 \"><div class=\"forminator-field\"><label for=\"forminator-field-email-1_69fcc5064c4b2\" id=\"forminator-field-email-1_69fcc5064c4b2-label\" class=\"forminator-label\">Direcci\u00f3n de correo electr\u00f3nico<\/label><input type=\"email\" name=\"email-1\" value=\"\" placeholder=\"\" id=\"forminator-field-email-1_69fcc5064c4b2\" class=\"forminator-input forminator-email--field\" data-required=\"\" aria-required=\"false\" \/><\/div><\/div><\/div><div class=\"forminator-row\"><div id=\"text-2\" class=\"forminator-field-text forminator-col forminator-col-6 \"><div class=\"forminator-field\"><label for=\"forminator-field-text-2_69fcc5064c4b2\" id=\"forminator-field-text-2_69fcc5064c4b2-label\" class=\"forminator-label\">Direcci\u00f3n de la Empresa <span class=\"forminator-required\">*<\/span><\/label><input type=\"text\" name=\"text-2\" value=\"\" placeholder=\"\" id=\"forminator-field-text-2_69fcc5064c4b2\" class=\"forminator-input forminator-name--field\" data-required=\"1\" \/><\/div><\/div><div id=\"text-1\" class=\"forminator-field-text forminator-col forminator-col-6 \"><div class=\"forminator-field\"><label for=\"forminator-field-text-1_69fcc5064c4b2\" id=\"forminator-field-text-1_69fcc5064c4b2-label\" class=\"forminator-label\">Tipo de Industria <span class=\"forminator-required\">*<\/span><\/label><input type=\"text\" name=\"text-1\" value=\"\" placeholder=\"\" id=\"forminator-field-text-1_69fcc5064c4b2\" class=\"forminator-input forminator-name--field\" data-required=\"1\" \/><\/div><\/div><\/div><div class=\"forminator-row\"><div id=\"text-3\" class=\"forminator-field-text forminator-col forminator-col-12 \"><div class=\"forminator-field\"><label for=\"forminator-field-text-3_69fcc5064c4b2\" id=\"forminator-field-text-3_69fcc5064c4b2-label\" class=\"forminator-label\">Red Social <span class=\"forminator-required\">*<\/span><\/label><input type=\"text\" name=\"text-3\" value=\"\" placeholder=\"\" id=\"forminator-field-text-3_69fcc5064c4b2\" class=\"forminator-input forminator-name--field\" data-required=\"1\" \/><\/div><\/div><\/div><\/div><\/div><div tabindex=\"-1\" role=\"tabpanel\" id=\"forminator-custom-form-247--page-1\" class=\"forminator-pagination\" aria-labelledby=\"forminator-custom-form-247--page-1-label\" aria-hidden=\"true\" data-step=\"1\" data-label=\"P\u00e1gina 1\" data-name=\"page-break-2\" hidden><div class=\"forminator-pagination--content\"><div class=\"forminator-row\"><div id=\"textarea-4\" class=\"forminator-field-textarea forminator-col forminator-col-12 \"><div class=\"forminator-field\"><label for=\"forminator-field-textarea-4_69fcc5064c4b2\" id=\"forminator-field-textarea-4_69fcc5064c4b2-label\" class=\"forminator-label\">\u00bfQu\u00e9 productos o servicios sostenibles ofrece su empresa? <span class=\"forminator-required\">*<\/span><\/label><textarea name=\"textarea-4\" placeholder=\"\" id=\"forminator-field-textarea-4_69fcc5064c4b2\" class=\"forminator-textarea\" rows=\"6\" style=\"min-height:140px;\" ><\/textarea><\/div><\/div><\/div><\/div><\/div><div tabindex=\"-1\" role=\"tabpanel\" id=\"forminator-custom-form-247--page-2\" class=\"forminator-pagination\" aria-labelledby=\"forminator-custom-form-247--page-2-label\" aria-hidden=\"true\" data-step=\"2\" data-label=\"P\u00e1gina 2\" data-name=\"page-break-3\" hidden><div class=\"forminator-pagination--content\"><div class=\"forminator-row\"><div id=\"textarea-5\" class=\"forminator-field-textarea forminator-col forminator-col-12 \"><div class=\"forminator-field\"><label for=\"forminator-field-textarea-5_69fcc5064c4b2\" id=\"forminator-field-textarea-5_69fcc5064c4b2-label\" class=\"forminator-label\">\u00bfQu\u00e9 pr\u00e1cticas sostenibles se incorporan en su proceso de producci\u00f3n o operaciones comerciales? <span class=\"forminator-required\">*<\/span><\/label><textarea name=\"textarea-5\" placeholder=\"\" id=\"forminator-field-textarea-5_69fcc5064c4b2\" class=\"forminator-textarea\" rows=\"6\" style=\"min-height:140px;\" ><\/textarea><\/div><\/div><\/div><\/div><\/div><div tabindex=\"-1\" role=\"tabpanel\" id=\"forminator-custom-form-247--page-3\" class=\"forminator-pagination\" aria-labelledby=\"forminator-custom-form-247--page-3-label\" aria-hidden=\"true\" data-step=\"3\" data-label=\"P\u00e1gina 3\" data-name=\"page-break-4\" hidden><div class=\"forminator-pagination--content\"><div class=\"forminator-row\"><div id=\"textarea-6\" class=\"forminator-field-textarea forminator-col forminator-col-12 \"><div class=\"forminator-field\"><label for=\"forminator-field-textarea-6_69fcc5064c4b2\" id=\"forminator-field-textarea-6_69fcc5064c4b2-label\" class=\"forminator-label\">\u00bfQu\u00e9 medidas ha tomado para reducir la huella ambiental de su empresa? <span class=\"forminator-required\">*<\/span><\/label><textarea name=\"textarea-6\" placeholder=\"\" id=\"forminator-field-textarea-6_69fcc5064c4b2\" class=\"forminator-textarea\" rows=\"6\" style=\"min-height:140px;\" ><\/textarea><\/div><\/div><\/div><\/div><\/div><div tabindex=\"-1\" role=\"tabpanel\" id=\"forminator-custom-form-247--page-4\" class=\"forminator-pagination\" aria-labelledby=\"forminator-custom-form-247--page-4-label\" aria-hidden=\"true\" data-step=\"4\" data-label=\"P\u00e1gina 4\" data-name=\"page-break-5\" hidden><div class=\"forminator-pagination--content\"><div class=\"forminator-row\"><div id=\"textarea-7\" class=\"forminator-field-textarea forminator-col forminator-col-12 \"><div class=\"forminator-field\"><label for=\"forminator-field-textarea-7_69fcc5064c4b2\" id=\"forminator-field-textarea-7_69fcc5064c4b2-label\" class=\"forminator-label\">\u00bfEst\u00e1n sus productos certificados o reconocidos por alguna organizaci\u00f3n o certificaci\u00f3n sostenible? <span class=\"forminator-required\">*<\/span><\/label><textarea name=\"textarea-7\" placeholder=\"\" id=\"forminator-field-textarea-7_69fcc5064c4b2\" class=\"forminator-textarea\" rows=\"6\" style=\"min-height:140px;\" ><\/textarea><\/div><\/div><\/div><\/div><\/div><div tabindex=\"-1\" role=\"tabpanel\" id=\"forminator-custom-form-247--page-5\" class=\"forminator-pagination\" aria-labelledby=\"forminator-custom-form-247--page-5-label\" aria-hidden=\"true\" data-step=\"5\" data-label=\"P\u00e1gina 5\" data-name=\"page-break-6\" hidden><div class=\"forminator-pagination--content\"><div class=\"forminator-row\"><div id=\"textarea-8\" class=\"forminator-field-textarea forminator-col forminator-col-12 \"><div class=\"forminator-field\"><label for=\"forminator-field-textarea-8_69fcc5064c4b2\" id=\"forminator-field-textarea-8_69fcc5064c4b2-label\" class=\"forminator-label\">\u00bfCu\u00e1l es su visi\u00f3n a largo plazo para la sostenibilidad en su negocio? <span class=\"forminator-required\">*<\/span><\/label><textarea name=\"textarea-8\" placeholder=\"\" id=\"forminator-field-textarea-8_69fcc5064c4b2\" class=\"forminator-textarea\" rows=\"6\" style=\"min-height:140px;\" ><\/textarea><\/div><\/div><\/div><\/div><\/div><div tabindex=\"-1\" role=\"tabpanel\" id=\"forminator-custom-form-247--page-6\" class=\"forminator-pagination\" aria-labelledby=\"forminator-custom-form-247--page-6-label\" aria-hidden=\"true\" data-step=\"6\" data-label=\"P\u00e1gina 6\" data-name=\"\" hidden><div class=\"forminator-pagination--content\"><div class=\"forminator-row\"><div id=\"textarea-9\" class=\"forminator-field-textarea forminator-col forminator-col-12 \"><div class=\"forminator-field\"><label for=\"forminator-field-textarea-9_69fcc5064c4b2\" id=\"forminator-field-textarea-9_69fcc5064c4b2-label\" class=\"forminator-label\">\u00bfPor qu\u00e9 cree que su empresa deber\u00eda ganar la campa\u00f1a publicitaria? <span class=\"forminator-required\">*<\/span><\/label><textarea name=\"textarea-9\" placeholder=\"\" id=\"forminator-field-textarea-9_69fcc5064c4b2\" class=\"forminator-textarea\" rows=\"6\" style=\"min-height:140px;\" ><\/textarea><\/div><\/div><\/div><\/div><button class=\"forminator-button forminator-pagination-submit\" style=\"display: none;\" disabled><span class=\"forminator-button--mask\" aria-label=\"hidden\"><\/span><span class=\"forminator-button--text\">Enviar<\/span><\/button><\/div><input type=\"hidden\" name=\"referer_url\" value=\"\" \/><input type=\"hidden\" id=\"forminator_nonce\" name=\"forminator_nonce\" value=\"d32f42fa2d\" \/><input type=\"hidden\" name=\"_wp_http_referer\" value=\"\/pa\/wp-json\/wp\/v2\/pages\/115\" \/><input type=\"hidden\" name=\"form_id\" value=\"247\"><input type=\"hidden\" name=\"page_id\" value=\"115\"><input type=\"hidden\" name=\"form_type\" value=\"default\"><input type=\"hidden\" name=\"current_url\" value=\"https:\/\/haz-eco.com\/pa\/participa\/\"><input type=\"hidden\" name=\"render_id\" value=\"0\"><input type=\"hidden\" name=\"action\" value=\"forminator_submit_form_custom-forms\"><\/form>\n\n\n","protected":false},"excerpt":{"rendered":"","protected":false},"author":1,"featured_media":0,"parent":0,"menu_order":0,"comment_status":"closed","ping_status":"closed","template":"","meta":{"pagelayer_contact_templates":[],"_pagelayer_content":"","footnotes":""},"class_list":["post-115","page","type-page","status-publish","hentry"],"_links":{"self":[{"href":"https:\/\/haz-eco.com\/pa\/wp-json\/wp\/v2\/pages\/115","targetHints":{"allow":["GET"]}}],"collection":[{"href":"https:\/\/haz-eco.com\/pa\/wp-json\/wp\/v2\/pages"}],"about":[{"href":"https:\/\/haz-eco.com\/pa\/wp-json\/wp\/v2\/types\/page"}],"author":[{"embeddable":true,"href":"https:\/\/haz-eco.com\/pa\/wp-json\/wp\/v2\/users\/1"}],"replies":[{"embeddable":true,"href":"https:\/\/haz-eco.com\/pa\/wp-json\/wp\/v2\/comments?post=115"}],"version-history":[{"count":7,"href":"https:\/\/haz-eco.com\/pa\/wp-json\/wp\/v2\/pages\/115\/revisions"}],"predecessor-version":[{"id":251,"href":"https:\/\/haz-eco.com\/pa\/wp-json\/wp\/v2\/pages\/115\/revisions\/251"}],"wp:attachment":[{"href":"https:\/\/haz-eco.com\/pa\/wp-json\/wp\/v2\/media?parent=115"}],"curies":[{"name":"wp","href":"https:\/\/api.w.org\/{rel}","templated":true}]}}