{"id":122,"date":"2025-07-18T19:35:44","date_gmt":"2025-07-18T19:35:44","guid":{"rendered":"http:\/\/haz-eco.com\/pa\/?page_id=122"},"modified":"2025-09-25T23:09:22","modified_gmt":"2025-09-25T23:09:22","slug":"terminos-y-condiciones","status":"publish","type":"page","link":"https:\/\/haz-eco.com\/pa\/terminos-y-condiciones\/","title":{"rendered":"T\u00e9rminos y Condiciones"},"content":{"rendered":"\n\n\n\n\n<p><strong>T\u00c9RMINOS Y CONDICIONES PARA EL CONCURSO \u201cHAZ ECO\u201d POWERED BY GPO VALLAS.<\/strong><\/p>\n\n\n\n<p>Toda persona que, conforme a los presentes T\u00e9rminos y Condiciones, desee participar en el concurso denominado \u201cHAZ ECO\u201d (En lo sucesivo el \u201cConcurso\u201d), acepta cumplir con la totalidad de los mismos, y al participar se entender\u00e1 que los ha le\u00eddo y comprendido de manera \u00edntegra y se compromete a cumplir totalmente con los requisitos y condiciones aqu\u00ed establecidos (en adelante las \u201cBases\u201d).<\/p>\n\n\n\n<p>El \u201cConcurso\u201d es organizado bajo la responsabilidad de PANTALLAS Y DIGITALES DE PANAMA, S.A. (en adelante el \u201cOrganizador\u201d), con domicilio en&nbsp;Avenida Ernesto T. Lefevre, Edificio Cruz del Sur, Piso 2, Ciudad de Panam\u00e1, Rep\u00fablica de Panam\u00e1. El concurso es v\u00e1lido exclusivamente en el \u00e1mbito geogr\u00e1fico de la Rep\u00fablica de Panam\u00e1. El \u201cOrganizador\u201d es la empresa responsable de la correcta ejecuci\u00f3n del \u201cConcurso\u201d de conformidad con los t\u00e9rminos y condiciones aqu\u00ed descritas. Se responsabilizar\u00e1n de resolver, gestionar, ventilar y en forma alguna, dar correcta conclusi\u00f3n y tr\u00e1mite a las quejas que pudieren presentarse.<\/p>\n\n\n\n<p>Es derecho y obligaci\u00f3n de los Participantes conocer y cumplir las presentes \u201cBases\u201d. Cada participante asumir\u00e1 la responsabilidad de actualizarse e informarse regularmente acerca de dicha reglamentaci\u00f3n, con el fin de conocer sus derechos y responsabilidades.<\/p>\n\n\n\n<ol style=\"list-style-type:upper-roman\" class=\"wp-block-list\">\n<li><strong>LOS PARTICIPANTES.<\/strong><\/li>\n<\/ol>\n\n\n\n<p>El p\u00fablico consumidor en general de la Rep\u00fablica de Panam\u00e1 (\u201cPanam\u00e1\u201d) que re\u00fana todos y cada uno de los siguientes requisitos, y que est\u00e9 interesado en participar en la din\u00e1mica, podr\u00e1 entonces ser considerado como Participante de esta (en lo sucesivo, el \u201cParticipante\u201d o los \u201cParticipantes\u201d):<\/p>\n\n\n\n<ol style=\"list-style-type:lower-roman\" class=\"wp-block-list\">\n<li>Personas f\u00edsicas o jur\u00eddicas con actividad comercial en Panam\u00e1;<\/li>\n\n\n\n<li>Que sea una empresa o negocio que produzca, use o comercialice productos sostenibles. (incluyendo de manera enunciativa m\u00e1s no limitativa restaurantes, marcas de ropa, mobiliario, productos alimenticios, entre otros).<\/li>\n\n\n\n<li>Que puedan acreditar sus operaciones en territorio de Panam\u00e1.<\/li>\n\n\n\n<li>Que puedan demostrar un compromiso continuo con la sostenibilidad, pudiendo ser a trav\u00e9s de la adquisici\u00f3n de productos, m\u00e9todos de producci\u00f3n o el impacto ambiental general.<\/li>\n\n\n\n<li>Contar con un producto o proceso sostenible que minimice el impacto ambiental o promueva pr\u00e1cticas ecol\u00f3gicas.<\/li>\n\n\n\n<li>Contar con elementos de habilidad y trayectoria sostenibles en la producci\u00f3n de sus productos.<\/li>\n\n\n\n<li>Asimismo, para participar en el \u201cConcurso\u201d los \u201cParticipantes\u201d deber\u00e1n:<\/li>\n<\/ol>\n\n\n\n<ol start=\"1\" style=\"list-style-type:lower-alpha\" class=\"wp-block-list\">\n<li>Haber le\u00eddo, entendido y aceptado incondicionalmente las \u201cBases\u201d, adem\u00e1s del Aviso de Privacidad del \u201cOrganizador\u201d, sin lo cual, no podr\u00e1n participar en el \u201cConcurso\u201d.<\/li>\n\n\n\n<li>Haber completado el formulario de inscripci\u00f3n y enviar la informaci\u00f3n necesaria a m\u00e1s tardar el d\u00eda 22 de octubre 2025.<\/li>\n\n\n\n<li>Todos los formularios, ser\u00e1n enviados a trav\u00e9s del sitio web&nbsp;<a href=\"https:\/\/haz-eco.com\/\" target=\"_blank\" rel=\"noreferrer noopener\">https:\/\/haz-eco.com<\/a><\/li>\n\n\n\n<li>Cumplir con las indicaciones y la mec\u00e1nica del \u201cConcurso\u201d, de conformidad con lo establecido en las presentes \u201cBases\u201d.<\/li>\n<\/ol>\n\n\n\n<p>El \u201cOrganizador\u201d se reserva el derecho, durante la vigencia del \u201cConcurso\u201d y a\u00fan despu\u00e9s de haber concluido, de requerir a los \u201cParticipantes\u201d documentaci\u00f3n que acredite el cumplimiento exacto de los requisitos anteriormente se\u00f1alados. En caso de que se llegara a comprobar que alg\u00fan \u201cParticipante\u201d no cumpliera con todos los puntos, o bien, haya realizado el env\u00edo de los formularios en m\u00e1s de una ocasi\u00f3n, \u00e9ste ser\u00e1 autom\u00e1ticamente descalificado sin ninguna responsabilidad para el \u201cOrganizador\u201d.<\/p>\n\n\n\n<p>Solo las personas que cumplan con la totalidad de los requisitos anteriormente descritos podr\u00e1n ser consideradas como \u201cParticipantes\u201d del \u201cConcurso\u201d.<\/p>\n\n\n\n<ol style=\"list-style-type:upper-roman\" class=\"wp-block-list\">\n<li><strong>VIGENCIA.<\/strong><\/li>\n<\/ol>\n\n\n\n<p>El \u201cConcurso\u201d tendr\u00e1 una vigencia de las 08:00 horas del d\u00eda 25 de septiembre de 2025 a las 23:59 horas del d\u00eda 22 de octubre de 2025.<\/p>\n\n\n\n<ol style=\"list-style-type:upper-roman\" class=\"wp-block-list\">\n<li><strong>MEC\u00c1NICA DEL \u201cCONCURSO\u201d.<\/strong><\/li>\n<\/ol>\n\n\n\n<p>El d\u00eda 25 de septiembre de 2025 a las 08:00 horas, el \u201cOrganizador\u201d realizar\u00e1 en la p\u00e1gina&nbsp;<a href=\"https:\/\/haz-eco.com\/\" target=\"_blank\" rel=\"noreferrer noopener\">https:\/\/haz-eco.com<\/a>&nbsp;una publicaci\u00f3n anunciando el \u201cConcurso\u201d (en adelante la \u201cPublicaci\u00f3n\u201d), as\u00ed como en las redes sociales de GPO VALLAS.<\/p>\n\n\n\n<p>Los \u201cParticipantes\u201d deber\u00e1n responder en el sitio web del \u201cConcurso\u201d, los formularios de inscripci\u00f3n, mismos que solicitar\u00e1n los siguientes datos:<\/p>\n\n\n\n<ol start=\"1\" style=\"list-style-type:upper-alpha\" class=\"wp-block-list\">\n<li>Informaci\u00f3n b\u00e1sica:<\/li>\n\n\n\n<li>Nombre o RUC de la Empresa.<\/li>\n\n\n\n<li>Aviso de operaciones y paz y salvo de la Empresa.<\/li>\n\n\n\n<li>Nombre Comercial.<\/li>\n\n\n\n<li>Persona de contacto, incluyendo su nombre y cargo.<\/li>\n\n\n\n<li>Sitio web de la empresa.<\/li>\n\n\n\n<li>Redes Sociales.<\/li>\n\n\n\n<li>Ubicaci\u00f3n de la empresa.<\/li>\n\n\n\n<li>Industria a la que pertenece.<\/li>\n<\/ol>\n\n\n\n<ol start=\"2\" style=\"list-style-type:upper-alpha\" class=\"wp-block-list\">\n<li>Pr\u00e1cticas de Sostenibilidad:<\/li>\n\n\n\n<li>\u00bfQu\u00e9 productos o servicios sostenibles ofrece su empresa?<\/li>\n\n\n\n<li>\u00bfQu\u00e9 pr\u00e1cticas sostenibles se incorporan en su proceso de producci\u00f3n o en sus operaciones comerciales?<\/li>\n\n\n\n<li>\u00bfutiliza materiales o empaques ecol\u00f3gicos en sus productos?<\/li>\n\n\n\n<li>\u00bfQu\u00e9 medidas ha tomado para reducir la huella ambiental de su empresa?<\/li>\n\n\n\n<li>\u00bfEst\u00e1n sus productos certificados o reconocidos por alguna organizaci\u00f3n o certificaci\u00f3n sostenible?<\/li>\n\n\n\n<li>\u00bfC\u00f3mo comunica su empresa sus esfuerzos de sostenibilidad a los clientes?<\/li>\n\n\n\n<li>\u00bfCu\u00e1l es su visi\u00f3n a largo plazo para la sostenibilidad en su negocio?<\/li>\n\n\n\n<li>\u00bfC\u00f3mo promueve actualmente sus iniciativas o productos sostenibles?<\/li>\n\n\n\n<li>\u00bfPor qu\u00e9 cree que su empresa deber\u00eda ganar la campa\u00f1a publicitaria?<\/li>\n<\/ol>\n\n\n\n<p>Solamente ser\u00e1n tomadas en cuenta aquellos formularios que hayan sido enviados de manera previa a la fecha l\u00edmite de inscripci\u00f3n.<\/p>\n\n\n\n<p>Cualquier formulario que haya sido enviado con posterioridad a dicha fecha ser\u00e1 descalificado y el \u201cOrganizador\u201d se reserva el derecho a eliminarlo.<\/p>\n\n\n\n<ol style=\"list-style-type:upper-roman\" class=\"wp-block-list\">\n<li><strong>SELECCI\u00d3N DEL GANADOR.<\/strong><\/li>\n<\/ol>\n\n\n\n<p>La selecci\u00f3n del Ganador, se realizar\u00e1 a trav\u00e9s de un panel de jueces que revisar\u00e1 todas las inscripciones bas\u00e1ndose en los esfuerzos de sostenibilidad, innovaci\u00f3n y el potencial para genera un cambio positivo en el mercado.<\/p>\n\n\n\n<p>De igual manera, dicho panel evaluar\u00e1 c\u00f3mo la empresa integra la sostenibilidad en sus operaciones y la escalabilidad de sus esfuerzos.<\/p>\n\n\n\n<p>El panel de jueces, estar\u00e1 conformado por personal del \u201cOrganizador\u201d y expertos externos en materia de sostenibilidad.<\/p>\n\n\n\n<p>Toda decisi\u00f3n por parte del \u201cOrganizador\u201d ser\u00e1 inapelable, definitiva y sin posibilidad de cuestionamiento por parte de los \u201cParticipantes\u201d.<\/p>\n\n\n\n<ul class=\"wp-block-list\">\n<li><strong>PUBLICACI\u00d3N DEL GANADOR.<\/strong><\/li>\n<\/ul>\n\n\n\n<p>El nombre del \u201cParticipante\u201d que resulte ganador del \u201cConcurso\u201d ser\u00e1 anunciado por el \u201cOrganizador\u201d el 28 de octubre de 2025, a trav\u00e9s de una publicaci\u00f3n en el sitio web&nbsp;<a href=\"https:\/\/haz-eco.com\/\" target=\"_blank\" rel=\"noreferrer noopener\">https:\/\/haz-eco.com<\/a>.<\/p>\n\n\n\n<ul class=\"wp-block-list\">\n<li><strong>PREMIOS.<\/strong><\/li>\n<\/ul>\n\n\n\n<p>El ganador recibir\u00e1 una campa\u00f1a publicitaria totalmente financiada, con una duraci\u00f3n de 4 semanas, la cual se llevar\u00e1 a cabo en los espacios de GPO VALLAS (EcoVallas, Contenedores Ecol\u00f3gicos Publicitario \u2013 CEP\u2019s, Pantallas Digitales). El ganador podr\u00e1 elegir los espacios y la programaci\u00f3n de la publicidad en pantallas digitales (sujeto a disponibilidad).<\/p>\n\n\n\n<p>De igual manera, se podr\u00e1n otorgar sesiones de consultor\u00eda con expertos en marketing de GPO VALLAS para elevar a\u00fan m\u00e1s la imagen sostenible de la marca.<\/p>\n\n\n\n<p>La campa\u00f1a publicitaria, incluir\u00e1 el logo \u201cHAZ ECO\u201d impulsado por GPO VALLAS.<\/p>\n\n\n\n<p>Asimismo, el \u201cOrganizador\u201d realizar\u00e1 una filmaci\u00f3n, donde el ganador contar\u00e1 la historia de su empresa, el desarrollo sustentable con el que cuenta y de manera posterior a la campa\u00f1a, ser\u00e1 entrevistado con el fin de dar a conocer los alcances que la campa\u00f1a publicitaria le proporcion\u00f3. Por lo que el ganador, en este acto acepta que su imagen pueda ser filmada o grabada con fines de promocionar su propia historia y los alcances y resultados de su premio.<\/p>\n\n\n\n<ul class=\"wp-block-list\">\n<li><strong>ENTREGA DEL PREMIO.<\/strong><\/li>\n<\/ul>\n\n\n\n<p>El \u201cOrganizador\u201d contactar\u00e1 de manera confidencial al ganador, inform\u00e1ndole que resulto ganador del \u201cConcurso\u201d, por lo que solicitar\u00e1 la informaci\u00f3n necesaria para poder realizar la entrega del Premio.<\/p>\n\n\n\n<p>En caso de que los datos de contacto resulten incorrectos, se encuentren restringidos, o bien, si el ganador no responde a los intentos de contacto por parte de el \u201cOrganizador\u201d, el ganador perder\u00e1 el premio. Ante tal situaci\u00f3n, el \u201cOrganizador\u201d podr\u00e1, a su exclusiva discreci\u00f3n, conceder el premio a alg\u00fan otro \u201cParticipante\u201d que haya cumplido con todos y cada uno de los t\u00e9rminos y condiciones de estas \u201cBases\u201d.<\/p>\n\n\n\n<p>El ganador deber\u00e1 confirmar al \u201cOrganizador\u201d por escrito que acepta el Premio y reiterar que est\u00e1 de acuerdo con las \u201cBases\u201d.<\/p>\n\n\n\n<p>Al aceptar el premio, el ganador libera de cualquier responsabilidad civil, penal, administrativa o de cualquier otra \u00edndole y se obliga a mantener en paz y a salvo a PANTALLAS Y DIGITALES DE PANAMA, S.A. y\/o a sus controladoras, empresas filiales y subsidiarias, nacionales o extranjeras, as\u00ed como a sus respectivos representantes, funcionarios, oficiales, directivos, empleados, accionistas, gerentes, abogados, agentes, clientes, proveedores, sucesores en inter\u00e9s, en forma permanente e irrevocable de y contra toda acci\u00f3n legal o reclamaci\u00f3n por p\u00e9rdidas, da\u00f1os y\/o perjuicios que afecte o se alegue haya afectado a su persona, acompa\u00f1antes, propiedad, bienes, posesiones y patrimonio de cualquier clase y naturaleza. El ganador expresamente libera a dichas personas y sociedades de toda responsabilidad o reclamaci\u00f3n que surja en todo o en parte, ya sea de manera directa o indirecta, relacionada con la aceptaci\u00f3n, disfrute y el uso del premio incluyendo de manera enunciativa m\u00e1s no limitativa, cualquier da\u00f1o o perjuicio sufrido antes, durante o despu\u00e9s de disfrutar del premio.<\/p>\n\n\n\n<ul class=\"wp-block-list\">\n<li><strong>CONSIDERACIONES GENERALES DEL CONCURSO Y RESTRICCIONES DE PARTICIPACI\u00d3N.<\/strong><\/li>\n<\/ul>\n\n\n\n<p>El material presentado por el \u201cParticipante\u201d no debe contener material (i) difamatorio, abusivo, acosador, amenazante, o que constituya una invasi\u00f3n al derecho de privacidad de otra persona; (ii) prejuicioso, racista, que genere odio o que sea ofensivo de cualquier forma; (iii) ilegal o que fomente o promueva una actividad il\u00edcita o la discusi\u00f3n de actividades il\u00edcitas con la intenci\u00f3n de realizarlas; (iv) comercial, que utilice o haga alusi\u00f3n a alguna otra marca que no sea la propia; (v) que afecte o viole los derechos de terceros como por ejemplo los derechos de autor, propiedad intelectual, patentes, marcas registradas, secretos comerciales o cualquier otro derecho de propiedad o contractual. Cualquier tentativa de fraude o de maniobra desleal por parte de un \u201cParticipante\u201d llevar\u00e1 a la nulidad de su participaci\u00f3n, indistintamente de la fase del \u201cConcurso\u201d en la que se encuentre. El \u201cOrganizador\u201d tendr\u00e1 la facultad en todo momento, de poder cambiar la mec\u00e1nica de participaci\u00f3n. Toda decisi\u00f3n del \u201cOrganizador\u201d ser\u00e1 inapelable, definitiva y sin posibilidad de cuestionamiento por parte de los \u201cParticipantes\u201d.<\/p>\n\n\n\n<p>La participaci\u00f3n en este \u201cConcurso\u201d implica el conocimiento y la aceptaci\u00f3n de las presentes \u201cBases\u201d por parte de los \u201cParticipantes\u201d. Es indispensable estar de acuerdo con los t\u00e9rminos, requisitos y condiciones establecidas en estas \u201cBases\u201d. Su aceptaci\u00f3n implica regirse por las mismas para el desarrollo \u00f3ptimo del \u201cConcurso\u201d. Las pol\u00edticas, mec\u00e1nica y restricciones no son apelables, ni est\u00e1n sujetas a negociaci\u00f3n o modificaci\u00f3n de ninguna \u00edndole provenientes de la intenci\u00f3n, solicitud o sugerencia del \u201cParticipante\u201d. El \u201cOrganizador\u201d se reserva el derecho de realizar cualquier tipo de cambio a las presentes \u201cBases\u201d sin previo aviso, por lo que los \u201cParticipantes\u201d se comprometen a revisarlas peri\u00f3dicamente durante la Vigencia del \u201cConcurso\u201d.<\/p>\n\n\n\n<p>Por lo anterior, el \u201cOrganizador\u201d se reserva el derecho de modificar, cambiar, cancelar, prolongar, disminuir, posponer o anular la Vigencia, requisitos, t\u00e9rminos y condiciones, as\u00ed como los premios a entregar con motivo del \u201cConcurso\u201d y\/o su asignaci\u00f3n, si a su juicio existieran elementos que impidan su realizaci\u00f3n, oblig\u00e1ndose a notificarlo a sus \u201cParticipantes\u201d.<\/p>\n\n\n\n<p>Por el simple hecho de su participaci\u00f3n, cada \u201cParticipante\u201d autoriza la realizaci\u00f3n de cualquier comprobaci\u00f3n relativa a su identidad, domicilio o la efectividad de su participaci\u00f3n en el \u201cConcurso\u201d, incluyendo la comprobaci\u00f3n de la no violaci\u00f3n de derechos de propiedad intelectual o de cualquier otro tipo de terceros, por su participaci\u00f3n en el \u201cConcurso\u201d.<\/p>\n\n\n\n<p>No se tendr\u00e1 en cuenta y se considerar\u00e1 como nula cualquier participaci\u00f3n o inscripci\u00f3n incompleta, que no cumpla con las condiciones expuestas en el presente documento, falsificada, no validada, enviada despu\u00e9s del plazo l\u00edmite o bajo alguna otra forma que la prevista en la mec\u00e1nica.<\/p>\n\n\n\n<p>Los \u201cParticipantes\u201d aceptan que los comentarios, opiniones y dem\u00e1s informaci\u00f3n vertidos en el material ser\u00e1n \u00fanica y exclusiva responsabilidad de ellos. Bajo el entendido que dichos comentarios, opiniones y dem\u00e1s informaci\u00f3n ser\u00e1n utilizados para efectos del presente \u201cConcurso\u201d y fines exclusivos del \u201cOrganizador\u201d por lo que los \u201cParticipantes\u201d renuncian expresamente a cualquier clase de contraprestaci\u00f3n, regal\u00eda, acci\u00f3n, derechos y\/o conceptos similares presentes y\/o futuros. Asimismo, el \u201cOrganizador\u201d no ser\u00e1 responsable por ning\u00fan da\u00f1o o perjuicio de ning\u00fan tipo, ya sea causado por, con motivo de y\/o relacionado con el Concurso, personas y\/o bienes.<\/p>\n\n\n\n<p>El \u201cOrganizador\u201d no tendr\u00e1 ninguna responsabilidad frente a las participaciones perdidas, retrasadas, mal enviadas, incompletas o que no se hayan podido enviar debido a fallas t\u00e9cnicas, tecnol\u00f3gicas, el\u00e9ctricas, humanas o de cualquier otra \u00edndole.<\/p>\n\n\n\n<p>El \u201cOrganizador\u201d se reserva el derecho de descalificar y no entregar alg\u00fan premio al \u201cParticipante\u201d que no acredite que el nombre completo con el que se registr\u00f3 en el \u201cConcurso\u201d coincide con la denominaci\u00f3n social de su Aviso de Operaciones y\/o ante la Direcci\u00f3n General de Ingresos (DGI).<\/p>\n\n\n\n<p>En caso de que el \u201cOrganizador\u201d determine que un \u201cParticipante\u201d no cumple con las condiciones establecidas y\/o contenga dudosa informaci\u00f3n, ser\u00e1 descalificado sin la necesidad de notificar al \u201cParticipante\u201d.<\/p>\n\n\n\n<p>El participar en este \u201cConcurso\u201d implica necesariamente la aceptaci\u00f3n de las \u201cBases\u201d y la autorizaci\u00f3n de publicar el nombre del Ganador en este y otros medios.<\/p>\n\n\n\n<p>Los \u201cParticipantes\u201d aceptan que puedan ser filmados o grabados, para efecto de que su imagen sea utilizada con fines de promoci\u00f3n en la p\u00e1gina web y\/o redes sociales del \u201cOrganizador\u201d.<\/p>\n\n\n\n<ol style=\"list-style-type:upper-roman\" class=\"wp-block-list\">\n<li><strong>MISCEL\u00c1NEOS.<\/strong><\/li>\n<\/ol>\n\n\n\n<p>El \u201cOrganizador\u201d no ser\u00e1 responsable por fallas t\u00e9cnicas en el sistema de cualquiera de las plataformas oficiales, sitios web y\/o redes sociales.<\/p>\n\n\n\n<p>Cualquier intento o ejecuci\u00f3n de aplicaci\u00f3n de programas o sistemas que pretendan atacar o vulnerar el \u201cConcurso\u201d y\/o las participaciones, podr\u00e1n ser perseguidos con las acciones legales pertinentes que a criterio del \u201cOrganizador\u201d sean suficientes y acarrea la inmediata descalificaci\u00f3n y anulaci\u00f3n del \u201cParticipante\u201d que incurra en tal conducta.<\/p>\n\n\n\n<p>Los \u201cParticipantes\u201d deber\u00e1n evitar en cualquier momento conductas difamatorias o injuriosas dentro de su participaci\u00f3n y material y ser\u00e1n responsables de las faltas en que incurran.<\/p>\n\n\n\n<p>El \u201cOrganizador\u201d no ser\u00e1 responsable por cualquier da\u00f1o o perjuicio originado por la imposibilidad o falta de resultados en el intento de contacto con el \u201cParticipante\u201d, as\u00ed como por la aceptaci\u00f3n del premio. Al aceptar las presentes \u201cBases\u201d, el \u201cParticipante\u201d otorga su consentimiento expreso al \u201cOrganizador\u201d para recopilar y tratar sus datos personales \u00fanicamente para efectos de su participaci\u00f3n en el presente \u201cConcurso\u201d, tal y como lo establece el Aviso de Privacidad.<\/p>\n\n\n\n<p>El \u201cOrganizador\u201d se reserva el derecho de, sin previo aviso, finalizar este \u201cConcurso\u201d o modificar los criterios de selecci\u00f3n del ganador.<\/p>\n\n\n\n<p>La participaci\u00f3n en el \u201cConcurso\u201d <strong><u>no involucra<\/u><\/strong> <strong>suerte o azar<\/strong> por lo que la obtenci\u00f3n de los premios est\u00e1 basada \u00fanicamente en la originalidad, habilidad, difusi\u00f3n, conocimiento y aplicaci\u00f3n de sostenibilidad en sus empresas, tal y como lo establecen las presentes \u201cBases\u201d.<\/p>\n\n\n\n<ul class=\"wp-block-list\">\n<li><strong>DUDAS Y CONSULTAS.<\/strong><\/li>\n<\/ul>\n\n\n\n<p>Para cualquier duda o aclaraci\u00f3n sobre las \u201cBases\u201d, t\u00e9rminos, mec\u00e1nica y alcances de esta din\u00e1mica, se pone a disposici\u00f3n el siguiente correo electr\u00f3nico&nbsp;<a href=\"mailto:hazeco@gpovallas.com\" target=\"_blank\" rel=\"noreferrer noopener\">hazeco@gpovallas.com<\/a><\/p>\n\n\n\n<p>El \u201cOrganizador\u201d dar\u00e1 contestaci\u00f3n a los mensajes en un horario de lunes a viernes de las 09:00 a las 18:00 horas.<\/p>\n\n\n\n<ul class=\"wp-block-list\">\n<li><strong>JURISDICCI\u00d3N Y COMPETENCIA.<\/strong><\/li>\n<\/ul>\n\n\n\n<p>Estas \u201cBASES\u201d se rigen por la Legislaci\u00f3n y Tribunales de Justicia de la Rep\u00fablica de Panam\u00e1, por lo que, de existir cualquier controversia, deber\u00e1 dirimirse en las instancias correspondientes con sede en la Rep\u00fablica de Panam\u00e1.<\/p>\n\n\n","protected":false},"excerpt":{"rendered":"","protected":false},"author":1,"featured_media":0,"parent":0,"menu_order":0,"comment_status":"closed","ping_status":"closed","template":"","meta":{"pagelayer_contact_templates":[],"_pagelayer_content":"","footnotes":""},"class_list":["post-122","page","type-page","status-publish","hentry"],"_links":{"self":[{"href":"https:\/\/haz-eco.com\/pa\/wp-json\/wp\/v2\/pages\/122","targetHints":{"allow":["GET"]}}],"collection":[{"href":"https:\/\/haz-eco.com\/pa\/wp-json\/wp\/v2\/pages"}],"about":[{"href":"https:\/\/haz-eco.com\/pa\/wp-json\/wp\/v2\/types\/page"}],"author":[{"embeddable":true,"href":"https:\/\/haz-eco.com\/pa\/wp-json\/wp\/v2\/users\/1"}],"replies":[{"embeddable":true,"href":"https:\/\/haz-eco.com\/pa\/wp-json\/wp\/v2\/comments?post=122"}],"version-history":[{"count":9,"href":"https:\/\/haz-eco.com\/pa\/wp-json\/wp\/v2\/pages\/122\/revisions"}],"predecessor-version":[{"id":259,"href":"https:\/\/haz-eco.com\/pa\/wp-json\/wp\/v2\/pages\/122\/revisions\/259"}],"wp:attachment":[{"href":"https:\/\/haz-eco.com\/pa\/wp-json\/wp\/v2\/media?parent=122"}],"curies":[{"name":"wp","href":"https:\/\/api.w.org\/{rel}","templated":true}]}}