{"id":207,"date":"2025-07-24T23:33:06","date_gmt":"2025-07-24T23:33:06","guid":{"rendered":"http:\/\/haz-eco.com\/pa\/?page_id=207"},"modified":"2025-09-18T01:39:04","modified_gmt":"2025-09-18T01:39:04","slug":"faqs","status":"publish","type":"page","link":"https:\/\/haz-eco.com\/pa\/faqs\/","title":{"rendered":"FAQ\u00b4s"},"content":{"rendered":"\n\n\n\n\n\n\nEl concurso esta\u0301 abierto a cualquier empresa que produzca, utilice o comercialice productos o servicios sostenibles. Esto incluye, entre otros, restaurantes, marcas de ropa, fabricantes de muebles, productores de alimentos, cosm\u00e9ticos, etc.\n\n\n\n\n\n\nPara este concurso, la sostenibilidad se refiere a empresas que buscan minimizar su impacto ambiental a trave\u0301s de sus productos, servicios o pra\u0301cticas empresariales. Esto puede incluir el uso de materiales ecolo\u0301gicos, reduccio\u0301n de residuos, eficiencia energe\u0301tica, abastecimiento e\u0301tico y otras iniciativas sostenibles.\n\n\n\n\n\n\nPara inscribirte, debes completar el formulario de participacio\u0301n proporcionando toda la informacio\u0301n solicitada sobre las pra\u0301cticas sostenibles de tu empresa. Adema\u0301s, debera\u0301s responder a una serie de preguntas sobre el compromiso de tu empresa con la sostenibilidad.\n\n\n\n\n\n\nNo, la inscripci\u00f3n es completamente gratuita. Se espera participaci\u00f3n en el video documental de la campa\u00f1a\n\n\n\n\n\n\nSi tu empresa es seleccionada como finalista, sera\u0301 evaluada por un jurado experto. La empresa ganadora sera\u0301 elegida en funcio\u0301n de la solidez e impacto de sus iniciativas sostenibles. El premio consiste en una campan\u0303a publicitaria totalmente financiada en medios exteriores (Out-of-Home, OOH).\n\n\n\n\n\n\nEl jurado evaluara\u0301 a las empresas participantes con base en los siguientes criterios:\n<br>\n&#8211; Pra\u0301cticas de sostenibilidad: \u00bfCo\u0301mo la empresa integra la sostenibilidad en sus operaciones?\n<br>\n&#8211; Innovacio\u0301n: La creatividad y originalidad de sus esfuerzos sostenibles.\n<br>\n&#8211; Impacto ambiental: La efectividad de sus iniciativas para reducir el dan\u0303o ambiental.\n<br>\n&#8211; Escalabilidad: La capacidad de crecimiento y adaptacio\u0301n de sus estrategias sostenibles.\n\n\n\n\n\n\nPara completar la inscripcio\u0301n, debera\u0301s proporcionar:\n<br>\n&#8211; Nombre de la empresa, sitio web y perfiles en redes sociales.\n<br>\n&#8211; Descripcio\u0301n de tus productos o servicios sostenibles.\n<br>\n&#8211; Informacio\u0301n detallada sobre tus pra\u0301cticas de sostenibilidad y co\u0301mo se aplican en la empresa.\n<br>\n&#8211; Certificaciones o reconocimientos obtenidos por tu compromiso con la sostenibilidad.\n<br>\n&#8211; Estrategias de comunicacio\u0301n utilizadas para informar a los clientes sobre las iniciativas sostenibles.\n<br>\n&#8211; Retos y desafi\u0301os enfrentados en la implementacio\u0301n de pra\u0301cticas sostenibles.\n\n\n\n\n\n\nNuestra fecha de inscripci\u00f3n es del 25 de septiembre hasta el 22 de octubre.\n\n\n\n\n\n\nEl ganador sera\u0301 notificado por correo electro\u0301nico y anunciado en nuestro sitio web oficial y en nuestras redes sociales. Adema\u0301s, nos pondremos en contacto para coordinar los detalles de la campan\u0303a publicitaria.\n\n\n\n\n\n\nNo, cada empresa puede enviar u\u0301nicamente una inscripcio\u0301n\n\n\n\n\n\n\nLa campan\u0303a ayudara\u0301 a aumentar el reconocimiento de tu marca, destacara\u0301 tus esfuerzos en sostenibilidad y permitira\u0301 que llegues a una audiencia ma\u0301s amplia. Esto puede traducirse en una mayor atraccio\u0301n de clientes, un refuerzo en la credibilidad de tu empresa y, potencialmente, un aumento en las ventas.\n\n\n\n\n\n\nSi\u0301, si cuentas con evidencia, te recomendamos adjuntar certificaciones, fotografi\u0301as, estudios de caso o cualquier documentacio\u0301n relevante que respalde tus afirmaciones. Esto ayudara\u0301 al jurado a evaluar mejor tu compromiso con la sostenibilidad.\n\n\n\n\n\n\nLas inscripciones sera\u0301n revisadas por un panel de expertos en la industria, defensores de la sostenibilidad y profesionales del marketing.\n\n\n\n\n\n\nNo, una vez enviada la inscripcio\u0301n, no se podra\u0301n realizar cambios. Te recomendamos revisar cuidadosamente toda la informacio\u0301n antes de enviarla.\n\n\n\n\n\n\nSi necesitas ma\u0301s informacio\u0301n o asistencia, puedes enviarnos un correo electro\u0301nico a hazeco@gpovallas.com o contactarnos a trave\u0301s de nuestras redes sociales oficiales.\n\n\n\n\n\n\n","protected":false},"excerpt":{"rendered":"","protected":false},"author":1,"featured_media":0,"parent":0,"menu_order":0,"comment_status":"closed","ping_status":"closed","template":"","meta":{"pagelayer_contact_templates":[],"_pagelayer_content":"","footnotes":""},"class_list":["post-207","page","type-page","status-publish","hentry"],"_links":{"self":[{"href":"https:\/\/haz-eco.com\/pa\/wp-json\/wp\/v2\/pages\/207","targetHints":{"allow":["GET"]}}],"collection":[{"href":"https:\/\/haz-eco.com\/pa\/wp-json\/wp\/v2\/pages"}],"about":[{"href":"https:\/\/haz-eco.com\/pa\/wp-json\/wp\/v2\/types\/page"}],"author":[{"embeddable":true,"href":"https:\/\/haz-eco.com\/pa\/wp-json\/wp\/v2\/users\/1"}],"replies":[{"embeddable":true,"href":"https:\/\/haz-eco.com\/pa\/wp-json\/wp\/v2\/comments?post=207"}],"version-history":[{"count":7,"href":"https:\/\/haz-eco.com\/pa\/wp-json\/wp\/v2\/pages\/207\/revisions"}],"predecessor-version":[{"id":248,"href":"https:\/\/haz-eco.com\/pa\/wp-json\/wp\/v2\/pages\/207\/revisions\/248"}],"wp:attachment":[{"href":"https:\/\/haz-eco.com\/pa\/wp-json\/wp\/v2\/media?parent=207"}],"curies":[{"name":"wp","href":"https:\/\/api.w.org\/{rel}","templated":true}]}}