{"id":3,"date":"2025-07-18T05:01:45","date_gmt":"2025-07-18T05:01:45","guid":{"rendered":"http:\/\/haz-eco.com\/pa\/?page_id=3"},"modified":"2025-09-23T21:35:09","modified_gmt":"2025-09-23T21:35:09","slug":"privacy-policy","status":"publish","type":"page","link":"https:\/\/haz-eco.com\/pa\/privacy-policy\/","title":{"rendered":"Aviso de Privacidad"},"content":{"rendered":"\n\n\n<p class=\"has-white-color has-text-color has-link-color wp-elements-6331478f25357296c9a15d1e825081f4\">De conformidad con la legislaci\u00f3n vigente en la Rep\u00fablica de Panam\u00e1, y en cumplimiento del principio de buena fe, transparencia y responsabilidad en el tratamiento de datos personales, se extiende el presente Aviso de Privacidad, se hace de su conocimiento que PANTALLAS Y DIGITALES DE PANAMA, SOCIEDAD AN\u00d3NIMA, con domicilio en Avenida Ernesto T. Lefevre, Edificio Cruz del Sur, segundo nivel, Ciudad de Panam\u00e1, Rep\u00fablica de Panam\u00e1, es responsable de la recopilaci\u00f3n, tratamiento de los datos personales.<\/p>\n\n\n\n<p class=\"has-white-color has-text-color has-link-color wp-elements-cfc53cb749a2b08c1ae0234c755b277f\">Los datos personales que el Participante proporcione en el marco de su participaci\u00f3n en el concurso promocional, ser\u00e1n utilizados exclusivamente para los fines propios del desarrollo, administraci\u00f3n y ejecuci\u00f3n del mismo, los cuales incluyen, pero no se limitan a:<\/p>\n\n\n\n<p class=\"has-white-color has-text-color has-link-color wp-elements-88d98064cda7361568475c8124888157\">\u2022&nbsp;&nbsp;&nbsp;&nbsp;&nbsp;&nbsp;&nbsp;&nbsp;&nbsp;&nbsp;&nbsp;&nbsp; Verificar el cumplimiento de los requisitos para participar.<\/p>\n\n\n\n<p class=\"has-white-color has-text-color has-link-color wp-elements-79980eb9c357d779f7366e21e6bda417\">\u2022&nbsp;&nbsp;&nbsp;&nbsp;&nbsp;&nbsp;&nbsp;&nbsp;&nbsp;&nbsp;&nbsp;&nbsp; Validar la identidad del Participante.<\/p>\n\n\n\n<p class=\"has-white-color has-text-color has-link-color wp-elements-3f199f6c2c2262a42bae2ffd408976ee\">\u2022&nbsp;&nbsp;&nbsp;&nbsp;&nbsp;&nbsp;&nbsp;&nbsp;&nbsp;&nbsp;&nbsp;&nbsp; Gestionar la selecci\u00f3n de ganadores y entrega de premios.<\/p>\n\n\n\n<p class=\"has-white-color has-text-color has-link-color wp-elements-424a19d9f3cc62509546808d87627b9b\">\u2022&nbsp;&nbsp;&nbsp;&nbsp;&nbsp;&nbsp;&nbsp;&nbsp;&nbsp;&nbsp;&nbsp;&nbsp; Realizar notificaciones, seguimiento y contacto con los Participantes.<\/p>\n\n\n\n<p class=\"has-white-color has-text-color has-link-color wp-elements-0ca55fba59e571f44e3b0df1ab342aac\">\u2022&nbsp;&nbsp;&nbsp;&nbsp;&nbsp;&nbsp;&nbsp;&nbsp;&nbsp;&nbsp;&nbsp;&nbsp; Generar informes estad\u00edsticos de car\u00e1cter interno y no comercial.<\/p>\n\n\n\n<p class=\"has-white-color has-text-color has-link-color wp-elements-806459e26d38f1fe92020fc916cf06c2\">\u2022&nbsp;&nbsp;&nbsp;&nbsp;&nbsp;&nbsp;&nbsp;&nbsp;&nbsp;&nbsp;&nbsp;&nbsp; Cumplir con obligaciones administrativas, fiscales y legales relacionadas con el concurso.<\/p>\n\n\n\n<p class=\"has-white-color has-text-color has-link-color wp-elements-67ccc36b5b647321fff47ad5973ff51b\">De manera adicional, PANTALLAS Y DIGITALES DE PANAMA, SOCIEDAD AN\u00d3NIMA, utilizar\u00e1 sus datos personales para las siguientes finalidades adicionales que no son necesarias para el servicio solicitado, pero que nos permite brindarle una mejor atenci\u00f3n:<\/p>\n\n\n\n<p class=\"has-white-color has-text-color has-link-color wp-elements-ca4ba8ed3ed34f3b57b6e5ccfb10dd6f\">1.&nbsp;&nbsp;&nbsp;&nbsp;&nbsp;&nbsp;&nbsp;&nbsp;&nbsp;&nbsp; Comercializar u ofrecer productos.<\/p>\n\n\n\n<p class=\"has-white-color has-text-color has-link-color wp-elements-636ec6edc2d69d3e33bf3df8b30e1801\">2.&nbsp;&nbsp;&nbsp;&nbsp;&nbsp;&nbsp;&nbsp;&nbsp;&nbsp;&nbsp; Ofrecer promociones de nuestros servicios.<\/p>\n\n\n\n<p class=\"has-white-color has-text-color has-link-color wp-elements-834345a4dcb3dafd2dd7c8589318e835\">3.&nbsp;&nbsp;&nbsp;&nbsp;&nbsp;&nbsp;&nbsp;&nbsp;&nbsp;&nbsp; Informar sobre alg\u00fan cambio en nuestros servicios.<\/p>\n\n\n\n<p class=\"has-white-color has-text-color has-link-color wp-elements-6b062d97509579a6c36a3f6416885db0\">4.&nbsp;&nbsp;&nbsp;&nbsp;&nbsp;&nbsp;&nbsp;&nbsp;&nbsp;&nbsp; Fines mercadot\u00e9cnicos.<\/p>\n\n\n\n<p class=\"has-white-color has-text-color has-link-color wp-elements-b95bdab2bebb16a6b8cf9ee5221015a7\">Informaci\u00f3n recabada<\/p>\n\n\n\n<p class=\"has-white-color has-text-color has-link-color wp-elements-b078310a6b4ddb8969ccaed6cd14e69e\">La informaci\u00f3n que puede ser solicitada o recabada incluye, de manera enunciativa, pero no limitativa:<\/p>\n\n\n\n<p class=\"has-white-color has-text-color has-link-color wp-elements-47466dc3a15a7d345cd85de001335775\">\u2022&nbsp;&nbsp;&nbsp;&nbsp;&nbsp;&nbsp;&nbsp;&nbsp;&nbsp;&nbsp;&nbsp;&nbsp; Nombre completo.<\/p>\n\n\n\n<p class=\"has-white-color has-text-color has-link-color wp-elements-9b1c3da9b1555a9792c3a790ece01dec\">\u2022&nbsp;&nbsp;&nbsp;&nbsp;&nbsp;&nbsp;&nbsp;&nbsp;&nbsp;&nbsp;&nbsp;&nbsp; Ced\u00fala de Identificaci\u00f3n Personal o pasaporte.<\/p>\n\n\n\n<p class=\"has-white-color has-text-color has-link-color wp-elements-e1de99274870293852b262b24c3497d3\">\u2022&nbsp;&nbsp;&nbsp;&nbsp;&nbsp;&nbsp;&nbsp;&nbsp;&nbsp;&nbsp;&nbsp;&nbsp; Direcci\u00f3n y lugar de residencia.<\/p>\n\n\n\n<p class=\"has-white-color has-text-color has-link-color wp-elements-db1661a947996d80e364c7d8840b656e\">\u2022&nbsp;&nbsp;&nbsp;&nbsp;&nbsp;&nbsp;&nbsp;&nbsp;&nbsp;&nbsp;&nbsp;&nbsp; N\u00famero telef\u00f3nico de contacto.<\/p>\n\n\n\n<p class=\"has-white-color has-text-color has-link-color wp-elements-be4362f13b254d1e268dde8c0e68f849\">\u2022&nbsp;&nbsp;&nbsp;&nbsp;&nbsp;&nbsp;&nbsp;&nbsp;&nbsp;&nbsp;&nbsp;&nbsp; Direcci\u00f3n de correo electr\u00f3nico.<\/p>\n\n\n\n<p class=\"has-white-color has-text-color has-link-color wp-elements-ec7a0e3dac0e07e7546939114982c829\">\u2022&nbsp;&nbsp;&nbsp;&nbsp;&nbsp;&nbsp;&nbsp;&nbsp;&nbsp;&nbsp;&nbsp;&nbsp; Facturas, fotograf\u00edas de empaques y otros documentos relacionados con la participaci\u00f3n.<\/p>\n\n\n\n<p class=\"has-white-color has-text-color has-link-color wp-elements-006f4922c54cf776ee0aee0aa59819b9\">Asimismo, se hace de su conocimiento que PANTALLAS Y DIGITALES DE PANAMA, SOCIEDAD AN\u00d3NIMA no trata datos sensibles a trav\u00e9s de su p\u00e1gina web.<\/p>\n\n\n\n<p class=\"has-white-color has-text-color has-link-color wp-elements-3d4e0ac6d9d95bedbdc4dad2fa3e88d7\">PANTALLAS Y DIGITALES DE PANAMA, SOCIEDAD AN\u00d3NIMA no transferir\u00e1 sus Datos Personales sin su consentimiento, salvo aquellas que est\u00e1n expresamente permitidas por Ley, aunque podr\u00e1 utilizarlos para las finalidades que dependan de terceros, como estad\u00edsticas y el env\u00edo de boletines, sin que exista transferencia de dichos datos. En caso de que no desee que sus datos personales sean tratados para las finalidades adicionales, usted puede manifestarlo al correo electr\u00f3nico contacto@gpovallas.com<\/p>\n\n\n\n<p class=\"has-white-color has-text-color has-link-color wp-elements-9d408c4c55b3690618c88524d358b7b7\">Hacemos de su conocimiento que sus datos personales ser\u00e1n resguardados bajo estrictas medidas de seguridad administrativas, t\u00e9cnicas y f\u00edsicas las cuales han sido implementadas con el objeto de proteger sus datos personales contra da\u00f1o, p\u00e9rdida, alteraci\u00f3n, destrucci\u00f3n o el uso, acceso o tratamiento no autorizados.<\/p>\n\n\n\n<p class=\"has-white-color has-text-color has-link-color wp-elements-6098f095cae3bb537925f018ea7bdd8d\">El responsable del tratamiento no comercializar\u00e1, vender\u00e1, ceder\u00e1, transferir\u00e1 ni compartir\u00e1 los datos personales proporcionados con ning\u00fan tercero, sea persona individual o jur\u00eddica, nacional o extranjera, excepto en los casos en que exista una obligaci\u00f3n legal expresa o mandato judicial que lo requiera.<\/p>\n\n\n\n<p class=\"has-white-color has-text-color has-link-color wp-elements-b2436c03f63a7c815bba1f59cdeae8b6\">Tampoco se utilizar\u00e1n los datos para publicidad comercial, marketing, segmentaci\u00f3n de mercado o fines similares distintos a la participaci\u00f3n del concurso.<\/p>\n\n\n\n<p class=\"has-white-color has-text-color has-link-color wp-elements-6b61028effd0e0315bc97727a5451335\">El presente Aviso de Privacidad puede sufrir modificaciones, cambios o actualizaciones derivadas de nuevos requerimientos legales; de nuestras propias necesidades por los productos que ofrecemos; de nuestra pr\u00e1ctica de privacidad; de cambios en nuestro modelo de negocio, o por otras causas. Nos comprometemos a mantenerle informado sobre los cambios que el presente aviso de privacidad pueda sufrir a trav\u00e9s del correo electr\u00f3nico contacto@gpovallas.com<\/p>\n\n\n\n<p class=\"has-white-color has-text-color has-link-color wp-elements-8dec2792576ac873473adabd0f68e196\">Mediante el uso de nuestra p\u00e1gina web y La participaci\u00f3n en el concurso implica el conocimiento, entendimiento y aceptaci\u00f3n plena del presente Aviso de Privacidad. El Participante declara haber le\u00eddo este documento y autoriza expresamente el tratamiento de sus datos personales conforme a lo aqu\u00ed estipulado.<\/p>\n","protected":false},"excerpt":{"rendered":"<p>De conformidad con la legislaci\u00f3n vigente en la Rep\u00fablica de Panam\u00e1, y en cumplimiento del principio de buena fe, transparencia y responsabilidad en el tratamiento de datos personales, se extiende el presente Aviso de Privacidad, se hace de su conocimiento que PANTALLAS Y DIGITALES DE PANAMA, SOCIEDAD AN\u00d3NIMA, con domicilio en Avenida Ernesto T. Lefevre, [&hellip;]<\/p>\n","protected":false},"author":1,"featured_media":0,"parent":0,"menu_order":0,"comment_status":"closed","ping_status":"closed","template":"","meta":{"pagelayer_contact_templates":[],"_pagelayer_content":"","footnotes":""},"class_list":["post-3","page","type-page","status-publish","hentry"],"_links":{"self":[{"href":"https:\/\/haz-eco.com\/pa\/wp-json\/wp\/v2\/pages\/3","targetHints":{"allow":["GET"]}}],"collection":[{"href":"https:\/\/haz-eco.com\/pa\/wp-json\/wp\/v2\/pages"}],"about":[{"href":"https:\/\/haz-eco.com\/pa\/wp-json\/wp\/v2\/types\/page"}],"author":[{"embeddable":true,"href":"https:\/\/haz-eco.com\/pa\/wp-json\/wp\/v2\/users\/1"}],"replies":[{"embeddable":true,"href":"https:\/\/haz-eco.com\/pa\/wp-json\/wp\/v2\/comments?post=3"}],"version-history":[{"count":11,"href":"https:\/\/haz-eco.com\/pa\/wp-json\/wp\/v2\/pages\/3\/revisions"}],"predecessor-version":[{"id":256,"href":"https:\/\/haz-eco.com\/pa\/wp-json\/wp\/v2\/pages\/3\/revisions\/256"}],"wp:attachment":[{"href":"https:\/\/haz-eco.com\/pa\/wp-json\/wp\/v2\/media?parent=3"}],"curies":[{"name":"wp","href":"https:\/\/api.w.org\/{rel}","templated":true}]}}