{"id":44,"date":"2025-07-18T05:04:06","date_gmt":"2025-07-18T05:04:06","guid":{"rendered":"http:\/\/haz-eco.com\/pa\/home\/"},"modified":"2025-09-30T00:00:49","modified_gmt":"2025-09-30T00:00:49","slug":"home","status":"publish","type":"page","link":"https:\/\/haz-eco.com\/pa\/","title":{"rendered":"Home"},"content":{"rendered":"\n\n\n\n\n\n\n\n\n\n<H1>GANA UNA CAMPA\u00d1A DE PUBLICIDAD PARA TU MARCA SUSTENTABLE<\/H1>\n\n\n\n\n\n\n\n<h2>HAZ ECO <span style=\"font-weight: normal;\">es un concurso que apoya a empresas sustentables. Nuestro objetivo es: reconocer su impacto y fomentar la sostenibilidad.<\/span><\/h2>\n\n<p>Buscamos negocios con productos ecol\u00f3gicos o pr\u00e1cticas responsables. El ganador recibir\u00e1 una campa\u00f1a publicitaria gratuita en vallas y pantallas digitales para ampliar su alcance.<\/p>\n\n\n\n\n\n<h2>\u00bfCU\u00c1L ES EL PREMIO? <span style=\"font-weight: normal;\"><\/span><\/h2>\n\n\n1. El ganador recibir\u00e1 una campa\u00f1a publicitaria de 4 semanas totalmente gratis <br>\n2. La campa\u00f1a tambi\u00e9n incluir\u00e1 el logo de HAZ ECO impulsado por GPO VALLAS. <br>\n3. El premio puede incluir tambi\u00e9n sesiones de consultor\u00eda con expertos en marketing de GPO VALLAS para elevar a\u00fan m\u00e1s la imagen sostenible de la marca. <br>\n\n\n\n\n\n\n\n\n\n\n\n\n\n\n\n\n\n\n\n\n\n\n<h2>SOSTENIBILIDAD CIUDADANA<\/h2>\n\n\n\n\n\n<h2>En GPOVALLAS estamos comprometidos con la construcci\u00f3n de un futuro sostenible y pr\u00f3spero para nuestras ciudades y el planeta en su conjunto. Creemos en la responsabilidad compartida de crear un entorno urbano m\u00e1s limpio y habitable para todos.<\/h2>\n\n\n\n\n","protected":false},"excerpt":{"rendered":"","protected":false},"author":1,"featured_media":0,"parent":0,"menu_order":0,"comment_status":"closed","ping_status":"closed","template":"","meta":{"pagelayer_contact_templates":[],"_pagelayer_content":"","footnotes":""},"class_list":["post-44","page","type-page","status-publish","hentry"],"_links":{"self":[{"href":"https:\/\/haz-eco.com\/pa\/wp-json\/wp\/v2\/pages\/44","targetHints":{"allow":["GET"]}}],"collection":[{"href":"https:\/\/haz-eco.com\/pa\/wp-json\/wp\/v2\/pages"}],"about":[{"href":"https:\/\/haz-eco.com\/pa\/wp-json\/wp\/v2\/types\/page"}],"author":[{"embeddable":true,"href":"https:\/\/haz-eco.com\/pa\/wp-json\/wp\/v2\/users\/1"}],"replies":[{"embeddable":true,"href":"https:\/\/haz-eco.com\/pa\/wp-json\/wp\/v2\/comments?post=44"}],"version-history":[{"count":25,"href":"https:\/\/haz-eco.com\/pa\/wp-json\/wp\/v2\/pages\/44\/revisions"}],"predecessor-version":[{"id":260,"href":"https:\/\/haz-eco.com\/pa\/wp-json\/wp\/v2\/pages\/44\/revisions\/260"}],"wp:attachment":[{"href":"https:\/\/haz-eco.com\/pa\/wp-json\/wp\/v2\/media?parent=44"}],"curies":[{"name":"wp","href":"https:\/\/api.w.org\/{rel}","templated":true}]}}